{"id":131,"date":"2016-06-26T13:34:44","date_gmt":"2016-06-26T11:34:44","guid":{"rendered":"http:\/\/www.sandra-roestel.de\/wpb565\/?page_id=131"},"modified":"2019-03-06T23:54:18","modified_gmt":"2019-03-06T21:54:18","slug":"anamnesebogen-2","status":"publish","type":"page","link":"https:\/\/www.sandra-roestel.de\/wpb565\/?page_id=131","title":{"rendered":"Anamnesebogen"},"content":{"rendered":"<p>Sie haben hier die M\u00f6glichkeit, meinen\u00a0<a href=\"https:\/\/www.sandra-roestel.de\/wpb565\/wp-content\/uploads\/2017\/07\/20170624_Patientenfragebogen-1.pdf\" target=\"_blank\" rel=\"noopener noreferrer\">Anamnesebogen<\/a> vor unserem ersten Treffen auszudrucken und soweit es Ihnen m\u00f6glich ist, zu Hause auszuf\u00fcllen.<\/p>\n<a href=\"https:\/\/www.sandra-roestel.de\/wpb565\/wp-content\/uploads\/2016\/06\/Patientenfragebogen-20190306.pdf\" class=\"pdfemb-viewer\" style=\"\" data-width=\"max\" data-height=\"max\" data-toolbar=\"bottom\" data-toolbar-fixed=\"on\">Patientenfragebogen - 20190306<\/a>\n<hr \/>\n<p>Auf diese Weise k\u00f6nnen Sie in Ruhe alle n\u00f6tigen Informationen zusammentragen und ich kann mir schneller ein Bild von\u00a0 Ihrer Krankenvorgeschichte machen.<br \/>\nWenn Sie dies nicht m\u00f6chten, k\u00f6nnen wir auch gerne gemeinsam die Fragen beantworten.<\/p>\n","protected":false},"excerpt":{"rendered":"<p>Sie haben hier die M\u00f6glichkeit, meinen\u00a0Anamnesebogen vor unserem ersten Treffen auszudrucken und soweit es Ihnen m\u00f6glich ist, zu Hause auszuf\u00fcllen. Auf diese Weise k\u00f6nnen Sie in Ruhe alle n\u00f6tigen Informationen zusammentragen und ich kann mir schneller ein Bild von\u00a0 Ihrer &hellip; <a href=\"https:\/\/www.sandra-roestel.de\/wpb565\/?page_id=131\">Weiterlesen <span class=\"meta-nav\">&rarr;<\/span><\/a><\/p>\n","protected":false},"author":3,"featured_media":0,"parent":0,"menu_order":40,"comment_status":"closed","ping_status":"closed","template":"","meta":{"footnotes":""},"class_list":["post-131","page","type-page","status-publish","hentry"],"_links":{"self":[{"href":"https:\/\/www.sandra-roestel.de\/wpb565\/index.php?rest_route=\/wp\/v2\/pages\/131","targetHints":{"allow":["GET"]}}],"collection":[{"href":"https:\/\/www.sandra-roestel.de\/wpb565\/index.php?rest_route=\/wp\/v2\/pages"}],"about":[{"href":"https:\/\/www.sandra-roestel.de\/wpb565\/index.php?rest_route=\/wp\/v2\/types\/page"}],"author":[{"embeddable":true,"href":"https:\/\/www.sandra-roestel.de\/wpb565\/index.php?rest_route=\/wp\/v2\/users\/3"}],"replies":[{"embeddable":true,"href":"https:\/\/www.sandra-roestel.de\/wpb565\/index.php?rest_route=%2Fwp%2Fv2%2Fcomments&post=131"}],"version-history":[{"count":26,"href":"https:\/\/www.sandra-roestel.de\/wpb565\/index.php?rest_route=\/wp\/v2\/pages\/131\/revisions"}],"predecessor-version":[{"id":181,"href":"https:\/\/www.sandra-roestel.de\/wpb565\/index.php?rest_route=\/wp\/v2\/pages\/131\/revisions\/181"}],"wp:attachment":[{"href":"https:\/\/www.sandra-roestel.de\/wpb565\/index.php?rest_route=%2Fwp%2Fv2%2Fmedia&parent=131"}],"curies":[{"name":"wp","href":"https:\/\/api.w.org\/{rel}","templated":true}]}}