{"id":28,"date":"2014-06-22T14:47:46","date_gmt":"2014-06-22T12:47:46","guid":{"rendered":"http:\/\/www.sandra-roestel.de\/wpb565\/?page_id=28"},"modified":"2014-06-22T15:29:34","modified_gmt":"2014-06-22T13:29:34","slug":"innere-belastungen","status":"publish","type":"page","link":"https:\/\/www.sandra-roestel.de\/wpb565\/?page_id=28","title":{"rendered":"Innere Belastungen"},"content":{"rendered":"<p style=\"text-align: justify;\">Innere Belastungen sind tief verwurzelte Krankheitsursachen, die von den Vorfahren weitergegeben wurden oder im Laufe des Lebens erworben wurden.<\/p>\n<p style=\"text-align: justify;\">Seelische Traumatas, nicht vollst\u00e4ndig ausgeheilte Krankheiten usw., verbleiben im K\u00f6rper und schw\u00e4chen ihn weiterhin.<\/p>\n<p style=\"text-align: justify;\">Ziel ist es, diese loszulassen, auszuheilen und wieder in die eigene Kraft zu kommen.<\/p>\n<p>&nbsp;<\/p>\n","protected":false},"excerpt":{"rendered":"<p>Innere Belastungen sind tief verwurzelte Krankheitsursachen, die von den Vorfahren weitergegeben wurden oder im Laufe des Lebens erworben wurden. Seelische Traumatas, nicht vollst\u00e4ndig ausgeheilte Krankheiten usw., verbleiben im K\u00f6rper und schw\u00e4chen ihn weiterhin. Ziel ist es, diese loszulassen, auszuheilen und &hellip; <a href=\"https:\/\/www.sandra-roestel.de\/wpb565\/?page_id=28\">Weiterlesen <span class=\"meta-nav\">&rarr;<\/span><\/a><\/p>\n","protected":false},"author":3,"featured_media":0,"parent":22,"menu_order":10,"comment_status":"closed","ping_status":"closed","template":"","meta":{"footnotes":""},"class_list":["post-28","page","type-page","status-publish","hentry"],"_links":{"self":[{"href":"https:\/\/www.sandra-roestel.de\/wpb565\/index.php?rest_route=\/wp\/v2\/pages\/28","targetHints":{"allow":["GET"]}}],"collection":[{"href":"https:\/\/www.sandra-roestel.de\/wpb565\/index.php?rest_route=\/wp\/v2\/pages"}],"about":[{"href":"https:\/\/www.sandra-roestel.de\/wpb565\/index.php?rest_route=\/wp\/v2\/types\/page"}],"author":[{"embeddable":true,"href":"https:\/\/www.sandra-roestel.de\/wpb565\/index.php?rest_route=\/wp\/v2\/users\/3"}],"replies":[{"embeddable":true,"href":"https:\/\/www.sandra-roestel.de\/wpb565\/index.php?rest_route=%2Fwp%2Fv2%2Fcomments&post=28"}],"version-history":[{"count":6,"href":"https:\/\/www.sandra-roestel.de\/wpb565\/index.php?rest_route=\/wp\/v2\/pages\/28\/revisions"}],"predecessor-version":[{"id":51,"href":"https:\/\/www.sandra-roestel.de\/wpb565\/index.php?rest_route=\/wp\/v2\/pages\/28\/revisions\/51"}],"up":[{"embeddable":true,"href":"https:\/\/www.sandra-roestel.de\/wpb565\/index.php?rest_route=\/wp\/v2\/pages\/22"}],"wp:attachment":[{"href":"https:\/\/www.sandra-roestel.de\/wpb565\/index.php?rest_route=%2Fwp%2Fv2%2Fmedia&parent=28"}],"curies":[{"name":"wp","href":"https:\/\/api.w.org\/{rel}","templated":true}]}}