{"id":36,"date":"2014-06-22T14:57:07","date_gmt":"2014-06-22T12:57:07","guid":{"rendered":"http:\/\/www.sandra-roestel.de\/wpb565\/?page_id=36"},"modified":"2015-07-05T21:08:43","modified_gmt":"2015-07-05T19:08:43","slug":"krankheitssymptome","status":"publish","type":"page","link":"https:\/\/www.sandra-roestel.de\/wpb565\/?page_id=36","title":{"rendered":"Krankheitssymptome"},"content":{"rendered":"<p style=\"text-align: justify;\">Krankheitssymptome sind ein Zeichen, dass der K\u00f6rper tiefe innere Belastungen ausheilen m\u00f6chte. Sie sind zwar st\u00f6rend, aber ein wichtiger Bestandteil des Heilungsprozesses.<\/p>\n<p style=\"text-align: justify;\">Durch Unterst\u00fctzung der Selbstheilungskr\u00e4fte k\u00f6nnen <a title=\"Behandlungsschwerpunkte\" href=\"https:\/\/www.sandra-roestel.de\/wpb565\/?page_id=41\">akute und auch chronische Krankheiten<\/a>, die in ihrem Ausleitungsprozess aufgrund unzureichender Kraft stecken geblieben sind, nun ausheilen.<\/p>\n<p style=\"text-align: justify;\">\n","protected":false},"excerpt":{"rendered":"<p>Krankheitssymptome sind ein Zeichen, dass der K\u00f6rper tiefe innere Belastungen ausheilen m\u00f6chte. Sie sind zwar st\u00f6rend, aber ein wichtiger Bestandteil des Heilungsprozesses. Durch Unterst\u00fctzung der Selbstheilungskr\u00e4fte k\u00f6nnen akute und auch chronische Krankheiten, die in ihrem Ausleitungsprozess aufgrund unzureichender Kraft stecken &hellip; <a href=\"https:\/\/www.sandra-roestel.de\/wpb565\/?page_id=36\">Weiterlesen <span class=\"meta-nav\">&rarr;<\/span><\/a><\/p>\n","protected":false},"author":3,"featured_media":0,"parent":22,"menu_order":20,"comment_status":"closed","ping_status":"closed","template":"","meta":{"footnotes":""},"class_list":["post-36","page","type-page","status-publish","hentry"],"_links":{"self":[{"href":"https:\/\/www.sandra-roestel.de\/wpb565\/index.php?rest_route=\/wp\/v2\/pages\/36","targetHints":{"allow":["GET"]}}],"collection":[{"href":"https:\/\/www.sandra-roestel.de\/wpb565\/index.php?rest_route=\/wp\/v2\/pages"}],"about":[{"href":"https:\/\/www.sandra-roestel.de\/wpb565\/index.php?rest_route=\/wp\/v2\/types\/page"}],"author":[{"embeddable":true,"href":"https:\/\/www.sandra-roestel.de\/wpb565\/index.php?rest_route=\/wp\/v2\/users\/3"}],"replies":[{"embeddable":true,"href":"https:\/\/www.sandra-roestel.de\/wpb565\/index.php?rest_route=%2Fwp%2Fv2%2Fcomments&post=36"}],"version-history":[{"count":4,"href":"https:\/\/www.sandra-roestel.de\/wpb565\/index.php?rest_route=\/wp\/v2\/pages\/36\/revisions"}],"predecessor-version":[{"id":100,"href":"https:\/\/www.sandra-roestel.de\/wpb565\/index.php?rest_route=\/wp\/v2\/pages\/36\/revisions\/100"}],"up":[{"embeddable":true,"href":"https:\/\/www.sandra-roestel.de\/wpb565\/index.php?rest_route=\/wp\/v2\/pages\/22"}],"wp:attachment":[{"href":"https:\/\/www.sandra-roestel.de\/wpb565\/index.php?rest_route=%2Fwp%2Fv2%2Fmedia&parent=36"}],"curies":[{"name":"wp","href":"https:\/\/api.w.org\/{rel}","templated":true}]}}