{"id":39,"date":"2014-06-22T14:59:59","date_gmt":"2014-06-22T12:59:59","guid":{"rendered":"http:\/\/www.sandra-roestel.de\/wpb565\/?page_id=39"},"modified":"2020-11-01T20:52:52","modified_gmt":"2020-11-01T18:52:52","slug":"matrix","status":"publish","type":"page","link":"https:\/\/www.sandra-roestel.de\/wpb565\/?page_id=39","title":{"rendered":"Quantenheilung"},"content":{"rendered":"<p style=\"text-align: justify;\">Die ganzheitliche Quantenheilung ist ein jahrhundertealtes, wissenschaftlich fundiertes Heilwissen. Sie arbeitet mit dem <span style=\"text-decoration: underline; color: #000000;\"><span style=\"text-decoration: underline;\">Bewusstsein<\/span><\/span> auf der <span style=\"color: #000000;\">Grundlage<\/span> der Quantenphysik, da diese auch bei uns Menschen gilt. Felder steuern Materie. Unser Bewusstsein steuert unseren K\u00f6rper bis auf die feinste Zellebene, beeinflusst die Vorg\u00e4nge in unserem K\u00f6rper. Angst erzeugt Herzrasen, unangenehme Situationen erzeugen einen roten Kopf, vor Pr\u00fcfungen haben wir &#8222;Schiss&#8220;.<\/p>\n<p style=\"text-align: justify;\">Wenn die belastenden Situationen nicht in angemessener Zeit wieder abgel\u00f6st werden und anhalten, verbleibt unser K\u00f6rper im Dauerstress und kann seine notwendigen K\u00f6rperfunktionen nicht mehr ungest\u00f6rt ausf\u00fchren. Wir zeigen Symptome &#8211; werden krank.<\/p>\n<p style=\"text-align: justify;\">Um diesen Zustand wieder aufzul\u00f6sen und die Selbstregulierung wieder in Gang zu setzen, kann die Matrix \/ Quantenheilung die n\u00f6tige Energie bereitstellen. Die Energie, die dort zum Flie\u00dfen kommt, wird vom Patienten sehr oft als &#8222;Welle&#8220;, die den K\u00f6rper durchstr\u00f6mt wahrgenommen. Es kann vor\u00fcbergehend zu Hitze- oder K\u00e4lteempfindungen, zum Schwanken, Weinen, Lachen usw. kommen &#8211; alles Zeichen, dass der K\u00f6rper in seiner f\u00fcr ihn richtigen Art und Weise verarbeitet und seine Selbstheilungskr\u00e4fte aktiviert. In den meisten F\u00e4llen f\u00fchlt sich der Patient sofort nach der Behandlung erleichtert. Blockaden konnten abgel\u00f6st werden.<\/p>\n<p style=\"text-align: justify;\">Wer diese Methode an einem Informationsabend kennen lernen m\u00f6chte oder an Seminaren bzw. einer Ausbildung interessiert ist, kann sich gern an die Heilpraktikerin Andrea Krahl <a title=\"Matrix Seminare - Andrea Krahl\" href=\"http:\/\/www.matrixseminar.de\" target=\"_blank\" rel=\"noopener noreferrer\">www.matrixseminar.de<\/a> wenden und die Termine erfahren.<\/p>\n<p>&nbsp;<\/p>\n","protected":false},"excerpt":{"rendered":"<p>Die ganzheitliche Quantenheilung ist ein jahrhundertealtes, wissenschaftlich fundiertes Heilwissen. Sie arbeitet mit dem Bewusstsein auf der Grundlage der Quantenphysik, da diese auch bei uns Menschen gilt. Felder steuern Materie. Unser Bewusstsein steuert unseren K\u00f6rper bis auf die feinste Zellebene, beeinflusst &hellip; <a href=\"https:\/\/www.sandra-roestel.de\/wpb565\/?page_id=39\">Weiterlesen <span class=\"meta-nav\">&rarr;<\/span><\/a><\/p>\n","protected":false},"author":3,"featured_media":0,"parent":0,"menu_order":20,"comment_status":"closed","ping_status":"closed","template":"","meta":{"footnotes":""},"class_list":["post-39","page","type-page","status-publish","hentry"],"_links":{"self":[{"href":"https:\/\/www.sandra-roestel.de\/wpb565\/index.php?rest_route=\/wp\/v2\/pages\/39","targetHints":{"allow":["GET"]}}],"collection":[{"href":"https:\/\/www.sandra-roestel.de\/wpb565\/index.php?rest_route=\/wp\/v2\/pages"}],"about":[{"href":"https:\/\/www.sandra-roestel.de\/wpb565\/index.php?rest_route=\/wp\/v2\/types\/page"}],"author":[{"embeddable":true,"href":"https:\/\/www.sandra-roestel.de\/wpb565\/index.php?rest_route=\/wp\/v2\/users\/3"}],"replies":[{"embeddable":true,"href":"https:\/\/www.sandra-roestel.de\/wpb565\/index.php?rest_route=%2Fwp%2Fv2%2Fcomments&post=39"}],"version-history":[{"count":10,"href":"https:\/\/www.sandra-roestel.de\/wpb565\/index.php?rest_route=\/wp\/v2\/pages\/39\/revisions"}],"predecessor-version":[{"id":277,"href":"https:\/\/www.sandra-roestel.de\/wpb565\/index.php?rest_route=\/wp\/v2\/pages\/39\/revisions\/277"}],"wp:attachment":[{"href":"https:\/\/www.sandra-roestel.de\/wpb565\/index.php?rest_route=%2Fwp%2Fv2%2Fmedia&parent=39"}],"curies":[{"name":"wp","href":"https:\/\/api.w.org\/{rel}","templated":true}]}}