{"id":41,"date":"2014-06-22T15:02:09","date_gmt":"2014-06-22T13:02:09","guid":{"rendered":"http:\/\/www.sandra-roestel.de\/wpb565\/?page_id=41"},"modified":"2015-07-05T21:01:42","modified_gmt":"2015-07-05T19:01:42","slug":"bms","status":"publish","type":"page","link":"https:\/\/www.sandra-roestel.de\/wpb565\/?page_id=41","title":{"rendered":"Behandlungsschwerpunkte"},"content":{"rendered":"<p style=\"text-align: justify;\" align=\"CENTER\"><span style=\"font-size: large;\">Ziel meiner Arbeit ist die tiefgreifende St\u00e4rkung der Lebenskraft (Selbstheilungskraft) durch individuell abgestimmte hom\u00f6opathischen Mittel, die sich gegenseitig optimal erg\u00e4nzen.<\/span><\/p>\n<p style=\"text-align: justify;\" align=\"CENTER\"><span style=\"font-size: large;\">Mit Hilfe der gest\u00e4rkten Selbstheilungskraft kann eine nachhaltige Ausheilung verschiedenster akuter und chronischer Krankheitssymptome bei Kindern und Erwachsenen erfolgen.<br \/>\n<\/span><\/p>\n<p style=\"text-align: left;\" align=\"LEFT\"><span style=\"font-size: large;\">Einige meiner Behandlungsschwerpunkte sind:<br \/>\n<\/span><\/p>\n<ul>\n<li style=\"text-align: left;\"><span style=\"font-size: medium;\">Erk\u00e4ltungskrankheiten<\/span><\/li>\n<li style=\"text-align: left;\"><span style=\"font-size: medium;\">Hautkrankheiten wie Schuppenflechte, Ekzeme &#8230;<\/span><\/li>\n<li style=\"text-align: left;\"><span style=\"font-size: medium;\">Allergien wie Heuschnupfen, Neurodermitis &#8230;<\/span><\/li>\n<li style=\"text-align: left;\">rheumatische Beschwerden<\/li>\n<li style=\"text-align: left;\"><span style=\"font-size: medium;\">Verdauungsst\u00f6rungen<\/span><\/li>\n<li style=\"text-align: left;\">Nieren und Blasenleiden<\/li>\n<li style=\"text-align: left;\"><span style=\"font-size: medium;\">Kopfschmerzen, Migr\u00e4ne<\/span><\/li>\n<li style=\"text-align: left;\">Schlafst\u00f6rungen<\/li>\n<li style=\"text-align: left;\">Schmerzzust\u00e4nde aller Art<\/li>\n<li style=\"text-align: left;\"><span style=\"font-size: medium;\">Unzufriedenheit, Gereiztheit, Antriebslosigkeit, Ersch\u00f6pfungszust\u00e4nde, Depression<\/span><\/li>\n<li style=\"text-align: left;\">Verhaltensauff\u00e4lligkeiten und Schulprobleme bei Kindern<\/li>\n<li style=\"text-align: left;\">u.v.a.m.<\/li>\n<\/ul>\n","protected":false},"excerpt":{"rendered":"<p>Ziel meiner Arbeit ist die tiefgreifende St\u00e4rkung der Lebenskraft (Selbstheilungskraft) durch individuell abgestimmte hom\u00f6opathischen Mittel, die sich gegenseitig optimal erg\u00e4nzen. Mit Hilfe der gest\u00e4rkten Selbstheilungskraft kann eine nachhaltige Ausheilung verschiedenster akuter und chronischer Krankheitssymptome bei Kindern und Erwachsenen erfolgen. Einige &hellip; <a href=\"https:\/\/www.sandra-roestel.de\/wpb565\/?page_id=41\">Weiterlesen <span class=\"meta-nav\">&rarr;<\/span><\/a><\/p>\n","protected":false},"author":3,"featured_media":0,"parent":0,"menu_order":30,"comment_status":"closed","ping_status":"closed","template":"","meta":{"footnotes":""},"class_list":["post-41","page","type-page","status-publish","hentry"],"_links":{"self":[{"href":"https:\/\/www.sandra-roestel.de\/wpb565\/index.php?rest_route=\/wp\/v2\/pages\/41","targetHints":{"allow":["GET"]}}],"collection":[{"href":"https:\/\/www.sandra-roestel.de\/wpb565\/index.php?rest_route=\/wp\/v2\/pages"}],"about":[{"href":"https:\/\/www.sandra-roestel.de\/wpb565\/index.php?rest_route=\/wp\/v2\/types\/page"}],"author":[{"embeddable":true,"href":"https:\/\/www.sandra-roestel.de\/wpb565\/index.php?rest_route=\/wp\/v2\/users\/3"}],"replies":[{"embeddable":true,"href":"https:\/\/www.sandra-roestel.de\/wpb565\/index.php?rest_route=%2Fwp%2Fv2%2Fcomments&post=41"}],"version-history":[{"count":6,"href":"https:\/\/www.sandra-roestel.de\/wpb565\/index.php?rest_route=\/wp\/v2\/pages\/41\/revisions"}],"predecessor-version":[{"id":97,"href":"https:\/\/www.sandra-roestel.de\/wpb565\/index.php?rest_route=\/wp\/v2\/pages\/41\/revisions\/97"}],"wp:attachment":[{"href":"https:\/\/www.sandra-roestel.de\/wpb565\/index.php?rest_route=%2Fwp%2Fv2%2Fmedia&parent=41"}],"curies":[{"name":"wp","href":"https:\/\/api.w.org\/{rel}","templated":true}]}}