{"id":45,"date":"2014-06-22T15:22:04","date_gmt":"2014-06-22T13:22:04","guid":{"rendered":"http:\/\/www.sandra-roestel.de\/wpb565\/?page_id=45"},"modified":"2015-06-19T13:20:26","modified_gmt":"2015-06-19T11:20:26","slug":"direkte-koerperbefragung","status":"publish","type":"page","link":"https:\/\/www.sandra-roestel.de\/wpb565\/?page_id=45","title":{"rendered":"Direkte K\u00f6rperbefragung"},"content":{"rendered":"<p style=\"text-align: justify;\">Die direkte K\u00f6rperbefragung basiert auf einer Muskelbefragung. Hier wird \u00fcber den verwendeten Muskel eine Ja\/Nein \u2013 Antwort auf eine bestimmte Frage erzielt. So kann ich mit Hilfe Ihrer gespeicherten Informationen in Ihrem Unterbewusstsein herausfinden, wo die Ursache Ihrer Symptome zu finden ist und in welcher Form Sie Unterst\u00fctzung zur St\u00e4rkung Ihrer Lebenskraft ben\u00f6tigen.<\/p>\n<p style=\"text-align: justify;\">Die<a title=\"DGAK \u2013 Deutsche Gesellschaft f\u00fcr Angewandte Kinesiologie e.V.\" href=\"http:\/\/www.dgak.de\/eip\/pages\/kinesiologie.php\" target=\"_blank\"> DGAK \u2013 Deutsche Gesellschaft f\u00fcr Angewandte Kinesiologie e.V.<\/a> schreibt auf ihrer Webseite:<br \/>\n\u201eDas Handwerkszeug der Kinesiologen ist der sog. Muskeltest. Durch ihn wird der K\u00f6rper \u201ebefragt\u201c was ihn belastet oder Blockaden hervorruft und mit welcher geeigneten Technik diese aufgel\u00f6st werden k\u00f6nnen. Dies funktioniert sehr klar und effektiv, da alle von uns gemachten Erfahrungen im Nervensystem und im Zellged\u00e4chtnis gespeichert sind. Zum Abbau und Ausgleich der Blockaden stehen dem Kinesiologen sehr unterschiedliche Techniken zur Verf\u00fcgung, die individuell und punktgenau auf den Klienten abgestimmt werden.<br \/>\nDie Heilkunde bildet lediglich einen von vielen &#8211; wenn auch einen besonders geeigneten und bew\u00e4hrten Anwendungsbereich. Mit Hilfe des Muskeltestens lassen sich &#8222;ma\u00dfgeschneiderte&#8220; Therapiewege entwickeln und k\u00fcrzere Behandlungszeiten erreichen.\u201c<\/p>\n","protected":false},"excerpt":{"rendered":"<p>Die direkte K\u00f6rperbefragung basiert auf einer Muskelbefragung. Hier wird \u00fcber den verwendeten Muskel eine Ja\/Nein \u2013 Antwort auf eine bestimmte Frage erzielt. So kann ich mit Hilfe Ihrer gespeicherten Informationen in Ihrem Unterbewusstsein herausfinden, wo die Ursache Ihrer Symptome zu &hellip; <a href=\"https:\/\/www.sandra-roestel.de\/wpb565\/?page_id=45\">Weiterlesen <span class=\"meta-nav\">&rarr;<\/span><\/a><\/p>\n","protected":false},"author":3,"featured_media":0,"parent":22,"menu_order":30,"comment_status":"closed","ping_status":"closed","template":"","meta":{"footnotes":""},"class_list":["post-45","page","type-page","status-publish","hentry"],"_links":{"self":[{"href":"https:\/\/www.sandra-roestel.de\/wpb565\/index.php?rest_route=\/wp\/v2\/pages\/45","targetHints":{"allow":["GET"]}}],"collection":[{"href":"https:\/\/www.sandra-roestel.de\/wpb565\/index.php?rest_route=\/wp\/v2\/pages"}],"about":[{"href":"https:\/\/www.sandra-roestel.de\/wpb565\/index.php?rest_route=\/wp\/v2\/types\/page"}],"author":[{"embeddable":true,"href":"https:\/\/www.sandra-roestel.de\/wpb565\/index.php?rest_route=\/wp\/v2\/users\/3"}],"replies":[{"embeddable":true,"href":"https:\/\/www.sandra-roestel.de\/wpb565\/index.php?rest_route=%2Fwp%2Fv2%2Fcomments&post=45"}],"version-history":[{"count":5,"href":"https:\/\/www.sandra-roestel.de\/wpb565\/index.php?rest_route=\/wp\/v2\/pages\/45\/revisions"}],"predecessor-version":[{"id":84,"href":"https:\/\/www.sandra-roestel.de\/wpb565\/index.php?rest_route=\/wp\/v2\/pages\/45\/revisions\/84"}],"up":[{"embeddable":true,"href":"https:\/\/www.sandra-roestel.de\/wpb565\/index.php?rest_route=\/wp\/v2\/pages\/22"}],"wp:attachment":[{"href":"https:\/\/www.sandra-roestel.de\/wpb565\/index.php?rest_route=%2Fwp%2Fv2%2Fmedia&parent=45"}],"curies":[{"name":"wp","href":"https:\/\/api.w.org\/{rel}","templated":true}]}}