{"id":5,"date":"2014-02-17T19:52:09","date_gmt":"2014-02-17T17:52:09","guid":{"rendered":"http:\/\/www.sandra-roestel.de\/wpb565\/?page_id=5"},"modified":"2015-07-26T17:35:21","modified_gmt":"2015-07-26T15:35:21","slug":"herzlich-willkommen","status":"publish","type":"page","link":"https:\/\/www.sandra-roestel.de\/wpb565\/","title":{"rendered":"Rockenberg: Naturheilpraxis &#8211; Sandra R\u00f6stel"},"content":{"rendered":"<p style=\"text-align: justify;\">Ziel meiner Arbeit ist es, die Selbstheilungskr\u00e4fte (Synonym in der Hom\u00f6opathie: Lebenskraft) meiner Patienten allumfassend, tiefgreifend und bestm\u00f6glich zu st\u00e4rken. Die Lebenskraft ist eine uns innewohnende Kraft, die uns am Leben erh\u00e4lt und uns die Energie gibt, unseren Lebensauftrag zu erf\u00fcllen und unser Leben mit Leichtigkeit, Lebensfreude und Zuversicht zu leben. Durch die optimale St\u00e4rkung gelangen wir St\u00fcck f\u00fcr St\u00fcck in die innere Freiheit, unser Leben nach eigenen Ma\u00dfst\u00e4ben, unabh\u00e4ngig von \u00e4u\u00dferen Einfl\u00fcssen, zu gestalten und im inneren Frieden mit uns zu sein.<br \/>\nDie Lebenskraft kann durch vielf\u00e4ltige <a title=\"Innere Belastungen\" href=\"https:\/\/www.sandra-roestel.de\/wpb565\/?page_id=28\">innere Belastungen<\/a>, wie alte nicht mehr zu uns geh\u00f6rende Glaubenss\u00e4tze, unverarbeitete negative Gef\u00fchle usw. gest\u00f6rt sein und zeigt ihre St\u00f6rung im Allgemeinen durch <a title=\"Krankheitssymptome\" href=\"https:\/\/www.sandra-roestel.de\/wpb565\/?page_id=36\">Krankheitssymptome<\/a>. Diese Symptome k\u00f6nnen sehr vielf\u00e4ltig und st\u00f6rend sein, sind aber meist Reaktionen des K\u00f6rpers in Richtung Heilung. Diesen Ihren Heilungsprozess zu unterst\u00fctzen und Sie in die Kraft zu bringen ihn wirklich abzuschlie\u00dfen (\u00fcber den Berg zu kommen), sehe ich als meine Aufgabe.<br \/>\nDazu stehen mir verschiedene Methoden zur Verf\u00fcgung, die ich individuell abgestimmt anwende.<br \/>\nDa jeder Mensch alle f\u00fcr ihn wichtigen Informationen in seinem Energiefeld gespeichert hat, kann ich mit Hilfe der <a title=\"Direkte K\u00f6rperbefragung\" href=\"https:\/\/www.sandra-roestel.de\/wpb565\/?page_id=45\">direkten K\u00f6rperbefragung<\/a> Ihre optimale Therapieform ermitteln.<br \/>\nAm h\u00e4ufigsten ist in meiner Praxis die St\u00e4rkung der Lebenskraft mit Hilfe der <a title=\"synergetische Hom\u00f6opathie\" href=\"https:\/\/www.sandra-roestel.de\/wpb565\/?page_id=22\">synergetischen Hom\u00f6opathie<\/a> m\u00f6glich. Hier werden verschiedene hom\u00f6opathische Mittel, die sich gegenseitig optimal erg\u00e4nzen, individuell am Patienten ausgetestet und verabreicht.<br \/>\nIn anderen F\u00e4llen oder erg\u00e4nzend kann ich mit Hilfe einer <a title=\"Matrix\" href=\"https:\/\/www.sandra-roestel.de\/wpb565\/?page_id=39\">Matrixbehandlung<\/a> die momentan notwendige individuelle Heilenergie f\u00fcr Sie zur Verf\u00fcgung stellen.<br \/>\nNat\u00fcrlich gibt es noch viele weitere ganzheitliche Therapiem\u00f6glichkeiten, die ich nicht selbst anwende. In die L\u00f6sungsfindung flie\u00dfen diese aber selbstverst\u00e4ndlich mit ein. Auf diese Weise ist sichergestellt, dass Sie immer die f\u00fcr Sie richtige Heilmethode kennen und anwenden k\u00f6nnen.<\/p>\n","protected":false},"excerpt":{"rendered":"<p>Ziel meiner Arbeit ist es, die Selbstheilungskr\u00e4fte (Synonym in der Hom\u00f6opathie: Lebenskraft) meiner Patienten allumfassend, tiefgreifend und bestm\u00f6glich zu st\u00e4rken. Die Lebenskraft ist eine uns innewohnende Kraft, die uns am Leben erh\u00e4lt und uns die Energie gibt, unseren Lebensauftrag zu &hellip; <a href=\"https:\/\/www.sandra-roestel.de\/wpb565\/\">Weiterlesen <span class=\"meta-nav\">&rarr;<\/span><\/a><\/p>\n","protected":false},"author":3,"featured_media":0,"parent":0,"menu_order":10,"comment_status":"closed","ping_status":"closed","template":"","meta":{"footnotes":""},"class_list":["post-5","page","type-page","status-publish","hentry"],"_links":{"self":[{"href":"https:\/\/www.sandra-roestel.de\/wpb565\/index.php?rest_route=\/wp\/v2\/pages\/5","targetHints":{"allow":["GET"]}}],"collection":[{"href":"https:\/\/www.sandra-roestel.de\/wpb565\/index.php?rest_route=\/wp\/v2\/pages"}],"about":[{"href":"https:\/\/www.sandra-roestel.de\/wpb565\/index.php?rest_route=\/wp\/v2\/types\/page"}],"author":[{"embeddable":true,"href":"https:\/\/www.sandra-roestel.de\/wpb565\/index.php?rest_route=\/wp\/v2\/users\/3"}],"replies":[{"embeddable":true,"href":"https:\/\/www.sandra-roestel.de\/wpb565\/index.php?rest_route=%2Fwp%2Fv2%2Fcomments&post=5"}],"version-history":[{"count":24,"href":"https:\/\/www.sandra-roestel.de\/wpb565\/index.php?rest_route=\/wp\/v2\/pages\/5\/revisions"}],"predecessor-version":[{"id":112,"href":"https:\/\/www.sandra-roestel.de\/wpb565\/index.php?rest_route=\/wp\/v2\/pages\/5\/revisions\/112"}],"wp:attachment":[{"href":"https:\/\/www.sandra-roestel.de\/wpb565\/index.php?rest_route=%2Fwp%2Fv2%2Fmedia&parent=5"}],"curies":[{"name":"wp","href":"https:\/\/api.w.org\/{rel}","templated":true}]}}